{"id":2,"date":"2021-01-30T22:32:16","date_gmt":"2021-01-30T21:32:16","guid":{"rendered":"http:\/\/codos.meteoproval.es\/iesescolasproval\/?page_id=2"},"modified":"2021-01-30T22:32:16","modified_gmt":"2021-01-30T21:32:16","slug":"paxina-exemplo","status":"publish","type":"page","link":"http:\/\/codos.meteoproval.es\/iesproval\/paxina-exemplo\/","title":{"rendered":"P\u00e1xina de exemplo"},"content":{"rendered":"<p>Isto \u00e9 unha p\u00e1xina de exemplo. \u00c9 diferente dun artigo de blogue porque ficar\u00e1 nun lugar e aparecer\u00e1 na navegaci\u00f3n do teu sitio (na maior\u00eda dos temas). Grande parte dos usuarios de WordPress comezan cunha p\u00e1xina \u00abSobre n\u00f3s\u00bb, que serve de presentaci\u00f3n cara a posibles visitantes do sitio. Poder\u00eda dicir algo coma isto:<\/p>\n<blockquote><p>Ola! Son mensaxeiro ciclista de d\u00eda, aspirante a actor de noite e isto \u00e9 o meu blogue. Vivo en Santiago de Compostela, te\u00f1o un can chamado Furruxe, e g\u00fastame o licor caf\u00e9 (e que me pille a choiva no cami\u00f1o).<\/p><\/blockquote>\n<p>&#8230;ou algo as\u00ed:<\/p>\n<blockquote><p>A \u00abCompa\u00f1\u00eda de Aqueloutros e Chism\u00e1ticos, S.L.\u00bb foi fundada en 1971 e leva proporcionando aqueloutros de calidade ao publico de todo o mundo dende aquela. Localizado en Porto de Ventelas, a Compa\u00f1\u00eda emprega a m\u00e1is de 1.000 persoas e fai todo tipo de cousas abraiantes para a comunidade de Porto.<\/p><\/blockquote>\n<p>Como novo usuario de WordPress deber\u00edas acceder ao <a href=\"http:\/\/codos.meteoproval.es\/iesescolasproval\/wp-admin\/\">teu panel<\/a> para eliminar esta p\u00e1xina e crear p\u00e1xinas novas para o teu contido. Div\u00edrtete!<\/p>\n","protected":false},"excerpt":{"rendered":"<p>Isto \u00e9 unha p\u00e1xina de exemplo. \u00c9 diferente dun artigo de blogue porque ficar\u00e1 nun lugar e aparecer\u00e1 na navegaci\u00f3n do teu sitio (na maior\u00eda dos temas). Grande parte dos usuarios de WordPress comezan cunha p\u00e1xina \u00abSobre n\u00f3s\u00bb, que serve &hellip; <a href=\"http:\/\/codos.meteoproval.es\/iesproval\/paxina-exemplo\/\">Sigue lendo <span class=\"meta-nav\">&rarr;<\/span><\/a><\/p>\n","protected":false},"author":1,"featured_media":0,"parent":0,"menu_order":0,"comment_status":"closed","ping_status":"open","template":"","meta":[],"_links":{"self":[{"href":"http:\/\/codos.meteoproval.es\/iesproval\/wp-json\/wp\/v2\/pages\/2"}],"collection":[{"href":"http:\/\/codos.meteoproval.es\/iesproval\/wp-json\/wp\/v2\/pages"}],"about":[{"href":"http:\/\/codos.meteoproval.es\/iesproval\/wp-json\/wp\/v2\/types\/page"}],"author":[{"embeddable":true,"href":"http:\/\/codos.meteoproval.es\/iesproval\/wp-json\/wp\/v2\/users\/1"}],"replies":[{"embeddable":true,"href":"http:\/\/codos.meteoproval.es\/iesproval\/wp-json\/wp\/v2\/comments?post=2"}],"version-history":[{"count":0,"href":"http:\/\/codos.meteoproval.es\/iesproval\/wp-json\/wp\/v2\/pages\/2\/revisions"}],"wp:attachment":[{"href":"http:\/\/codos.meteoproval.es\/iesproval\/wp-json\/wp\/v2\/media?parent=2"}],"curies":[{"name":"wp","href":"https:\/\/api.w.org\/{rel}","templated":true}]}}